{"id":123,"date":"2023-05-24T14:49:35","date_gmt":"2023-05-24T14:49:35","guid":{"rendered":"https:\/\/cocla.pe\/?page_id=123"},"modified":"2023-09-23T12:37:59","modified_gmt":"2023-09-23T12:37:59","slug":"productos-mercado-nacional","status":"publish","type":"page","link":"https:\/\/cocla.pe\/index.php\/productos-mercado-nacional\/","title":{"rendered":"PRODUCTOS EN MERCADO NACIONAL"},"content":{"rendered":"\t\t<div data-elementor-type=\"wp-page\" data-elementor-id=\"123\" class=\"elementor elementor-123\">\n\t\t\t\t\t\t\t\t\t<section class=\"elementor-section elementor-top-section elementor-element elementor-element-d9fa57f elementor-section-boxed elementor-section-height-default elementor-section-height-default\" data-id=\"d9fa57f\" data-element_type=\"section\" data-settings=\"{&quot;background_background&quot;:&quot;classic&quot;}\">\n\t\t\t\t\t\t\t<div class=\"elementor-background-overlay\"><\/div>\n\t\t\t\t\t\t\t<div class=\"elementor-container elementor-column-gap-default\">\n\t\t\t\t\t<div class=\"elementor-column elementor-col-100 elementor-top-column elementor-element elementor-element-2f4cb7e\" data-id=\"2f4cb7e\" data-element_type=\"column\">\n\t\t\t<div class=\"elementor-widget-wrap elementor-element-populated\">\n\t\t\t\t\t\t\t\t<div class=\"elementor-element elementor-element-84a88ae elementor-widget elementor-widget-heading\" data-id=\"84a88ae\" data-element_type=\"widget\" data-widget_type=\"heading.default\">\n\t\t\t\t<div class=\"elementor-widget-container\">\n\t\t\t<style>\/*! elementor - v3.16.0 - 09-10-2023 *\/\n.elementor-heading-title{padding:0;margin:0;line-height:1}.elementor-widget-heading .elementor-heading-title[class*=elementor-size-]>a{color:inherit;font-size:inherit;line-height:inherit}.elementor-widget-heading .elementor-heading-title.elementor-size-small{font-size:15px}.elementor-widget-heading .elementor-heading-title.elementor-size-medium{font-size:19px}.elementor-widget-heading .elementor-heading-title.elementor-size-large{font-size:29px}.elementor-widget-heading .elementor-heading-title.elementor-size-xl{font-size:39px}.elementor-widget-heading .elementor-heading-title.elementor-size-xxl{font-size:59px}<\/style><h2 class=\"elementor-heading-title elementor-size-default\">NUESTROS PRODUCTOS PARA EL<\/h2>\t\t<\/div>\n\t\t\t\t<\/div>\n\t\t\t\t<div class=\"elementor-element elementor-element-409133d elementor-widget elementor-widget-heading\" data-id=\"409133d\" data-element_type=\"widget\" data-widget_type=\"heading.default\">\n\t\t\t\t<div class=\"elementor-widget-container\">\n\t\t\t<h2 class=\"elementor-heading-title elementor-size-default\">MERCADO NACIONAL<\/h2>\t\t<\/div>\n\t\t\t\t<\/div>\n\t\t\t\t\t<\/div>\n\t\t<\/div>\n\t\t\t\t\t\t\t<\/div>\n\t\t<\/section>\n\t\t\t\t<section class=\"elementor-section elementor-top-section elementor-element elementor-element-a2b059b elementor-section-full_width elementor-section-height-default elementor-section-height-default\" data-id=\"a2b059b\" data-element_type=\"section\" data-settings=\"{&quot;background_background&quot;:&quot;classic&quot;}\">\n\t\t\t\t\t\t<div class=\"elementor-container elementor-column-gap-default\">\n\t\t\t\t\t<div class=\"elementor-column elementor-col-100 elementor-top-column elementor-element elementor-element-27f3076\" data-id=\"27f3076\" data-element_type=\"column\">\n\t\t\t<div class=\"elementor-widget-wrap elementor-element-populated\">\n\t\t\t\t\t\t\t\t<section class=\"elementor-section elementor-inner-section elementor-element elementor-element-6941d3d elementor-section-boxed elementor-section-height-default elementor-section-height-default\" data-id=\"6941d3d\" data-element_type=\"section\">\n\t\t\t\t\t\t<div class=\"elementor-container elementor-column-gap-default\">\n\t\t\t\t\t<div class=\"elementor-column elementor-col-100 elementor-inner-column elementor-element elementor-element-bd6265e\" data-id=\"bd6265e\" data-element_type=\"column\">\n\t\t\t<div class=\"elementor-widget-wrap elementor-element-populated\">\n\t\t\t\t\t\t\t\t<div class=\"elementor-element elementor-element-7573094 elementor-widget elementor-widget-heading\" data-id=\"7573094\" data-element_type=\"widget\" data-widget_type=\"heading.default\">\n\t\t\t\t<div class=\"elementor-widget-container\">\n\t\t\t<h2 class=\"elementor-heading-title elementor-size-default\">PRODUCTOS AGROINDUSTRIALES<\/h2>\t\t<\/div>\n\t\t\t\t<\/div>\n\t\t\t\t<div class=\"elementor-element elementor-element-b69906f elementor-widget elementor-widget-text-editor\" data-id=\"b69906f\" data-element_type=\"widget\" data-widget_type=\"text-editor.default\">\n\t\t\t\t<div class=\"elementor-widget-container\">\n\t\t\t<style>\/*! elementor - v3.16.0 - 09-10-2023 *\/\n.elementor-widget-text-editor.elementor-drop-cap-view-stacked .elementor-drop-cap{background-color:#69727d;color:#fff}.elementor-widget-text-editor.elementor-drop-cap-view-framed .elementor-drop-cap{color:#69727d;border:3px solid;background-color:transparent}.elementor-widget-text-editor:not(.elementor-drop-cap-view-default) .elementor-drop-cap{margin-top:8px}.elementor-widget-text-editor:not(.elementor-drop-cap-view-default) .elementor-drop-cap-letter{width:1em;height:1em}.elementor-widget-text-editor .elementor-drop-cap{float:left;text-align:center;line-height:1;font-size:50px}.elementor-widget-text-editor .elementor-drop-cap-letter{display:inline-block}<\/style>\t\t\t\t<p>Desarrollamos productos agroindustriales para generar un mayor valor agregado e incrementar la cultura de consumo en el mercado nacional.<\/p><ul><li>Caf\u00e9 tostado en grano<\/li><li>Caf\u00e9 tostado y molido<\/li><li>Pasta Pura de Cacao<\/li><li>Chocolates bitter<\/li><li>Miel de abeja<\/li><li>Cerveza artesanal con caf\u00e9<\/li><\/ul><p><br \/>Contamos con la certificaci\u00f3n org\u00e1nica para Caf\u00e9s Tostados y Pasta Pura de Cacao, seg\u00fan los est\u00e1ndares del Reglamento T\u00e9cnico para los Productos Org\u00e1nicos de Per\u00fa<\/p>\t\t\t\t\t\t<\/div>\n\t\t\t\t<\/div>\n\t\t\t\t<div class=\"elementor-element elementor-element-47c7b4c elementor-align-center elementor-widget elementor-widget-button\" data-id=\"47c7b4c\" data-element_type=\"widget\" data-widget_type=\"button.default\">\n\t\t\t\t<div class=\"elementor-widget-container\">\n\t\t\t\t\t<div class=\"elementor-button-wrapper\">\n\t\t\t<a class=\"elementor-button elementor-button-link elementor-size-sm\" href=\"https:\/\/cocla.pe\/wp-content\/uploads\/2023\/09\/CATALOGO-DE-PRODUCTOS-COCLA-SETIEMBRE-2023.pdf\" target=\"_blank\">\n\t\t\t\t\t\t<span class=\"elementor-button-content-wrapper\">\n\t\t\t\t\t\t<span class=\"elementor-button-icon elementor-align-icon-left\">\n\t\t\t\t<i aria-hidden=\"true\" class=\"fas fa-download\"><\/i>\t\t\t<\/span>\n\t\t\t\t\t\t<span class=\"elementor-button-text\">Dercarga nuestro CAT\u00c1LOGO<\/span>\n\t\t<\/span>\n\t\t\t\t\t<\/a>\n\t\t<\/div>\n\t\t\t\t<\/div>\n\t\t\t\t<\/div>\n\t\t\t\t\t<\/div>\n\t\t<\/div>\n\t\t\t\t\t\t\t<\/div>\n\t\t<\/section>\n\t\t\t\t\t<\/div>\n\t\t<\/div>\n\t\t\t\t\t\t\t<\/div>\n\t\t<\/section>\n\t\t\t\t<section class=\"elementor-section elementor-top-section elementor-element elementor-element-95cfa7b elementor-section-full_width elementor-section-height-default elementor-section-height-default\" data-id=\"95cfa7b\" data-element_type=\"section\" data-settings=\"{&quot;background_background&quot;:&quot;classic&quot;}\">\n\t\t\t\t\t\t<div class=\"elementor-container elementor-column-gap-default\">\n\t\t\t\t\t<div class=\"elementor-column elementor-col-100 elementor-top-column elementor-element elementor-element-24f1509\" data-id=\"24f1509\" data-element_type=\"column\">\n\t\t\t<div class=\"elementor-widget-wrap elementor-element-populated\">\n\t\t\t\t\t\t\t\t<div class=\"elementor-element elementor-element-0b4423d elementor-widget elementor-widget-heading\" data-id=\"0b4423d\" data-element_type=\"widget\" data-widget_type=\"heading.default\">\n\t\t\t\t<div class=\"elementor-widget-container\">\n\t\t\t<h2 class=\"elementor-heading-title elementor-size-default\">PUNTOS DE VENTA<\/h2>\t\t<\/div>\n\t\t\t\t<\/div>\n\t\t\t\t<section class=\"elementor-section elementor-inner-section elementor-element elementor-element-bb9631e elementor-section-boxed elementor-section-height-default elementor-section-height-default\" data-id=\"bb9631e\" data-element_type=\"section\">\n\t\t\t\t\t\t<div class=\"elementor-container elementor-column-gap-default\">\n\t\t\t\t\t<div class=\"elementor-column elementor-col-50 elementor-inner-column elementor-element elementor-element-369270d\" data-id=\"369270d\" data-element_type=\"column\">\n\t\t\t<div class=\"elementor-widget-wrap elementor-element-populated\">\n\t\t\t\t\t\t\t\t<div class=\"elementor-element elementor-element-e87e33e elementor-widget elementor-widget-text-editor\" data-id=\"e87e33e\" data-element_type=\"widget\" data-widget_type=\"text-editor.default\">\n\t\t\t\t<div class=\"elementor-widget-container\">\n\t\t\t\t\t\t\t<p><strong>TIENDA QUILLABAMBA<\/strong><br \/>Av. Edgar de la Torre 1353 &#8211; Quillabamba<br \/>tiendaquillabamba@cocla.pe<br \/>944 206 636<\/p>\t\t\t\t\t\t<\/div>\n\t\t\t\t<\/div>\n\t\t\t\t<div class=\"elementor-element elementor-element-3928b9b elementor-widget elementor-widget-image\" data-id=\"3928b9b\" data-element_type=\"widget\" data-widget_type=\"image.default\">\n\t\t\t\t<div class=\"elementor-widget-container\">\n\t\t\t<style>\/*! elementor - v3.16.0 - 09-10-2023 *\/\n.elementor-widget-image{text-align:center}.elementor-widget-image a{display:inline-block}.elementor-widget-image a img[src$=\".svg\"]{width:48px}.elementor-widget-image img{vertical-align:middle;display:inline-block}<\/style>\t\t\t\t\t\t\t\t\t\t\t\t<img decoding=\"async\" src=\"https:\/\/cocla.pe\/wp-content\/uploads\/elementor\/thumbs\/Productos-Nacional-2-q7dlutzelsy1xjz8hq04rvf4x3rgnsuwtc9hup4az4.jpeg\" title=\"Productos Nacional 2\" alt=\"Productos Nacional 2\" loading=\"lazy\" \/>\t\t\t\t\t\t\t\t\t\t\t\t\t\t\t<\/div>\n\t\t\t\t<\/div>\n\t\t\t\t\t<\/div>\n\t\t<\/div>\n\t\t\t\t<div class=\"elementor-column elementor-col-50 elementor-inner-column elementor-element elementor-element-6ed9255\" data-id=\"6ed9255\" data-element_type=\"column\">\n\t\t\t<div class=\"elementor-widget-wrap elementor-element-populated\">\n\t\t\t\t\t\t\t\t<div class=\"elementor-element elementor-element-eb690ac elementor-widget elementor-widget-text-editor\" data-id=\"eb690ac\" data-element_type=\"widget\" data-widget_type=\"text-editor.default\">\n\t\t\t\t<div class=\"elementor-widget-container\">\n\t\t\t\t\t\t\t<p><strong>TIENDA Y CAFETER\u00cdA CUSCO<\/strong><br \/>Calle Mes\u00f3n de la Estrella 137 \u2013 Cusco<br \/>tiendacusco@cocla.pe<br \/>984 960 630<\/p>\t\t\t\t\t\t<\/div>\n\t\t\t\t<\/div>\n\t\t\t\t<div class=\"elementor-element elementor-element-1a49cdd elementor-widget elementor-widget-image\" data-id=\"1a49cdd\" data-element_type=\"widget\" data-widget_type=\"image.default\">\n\t\t\t\t<div class=\"elementor-widget-container\">\n\t\t\t\t\t\t\t\t\t\t\t\t\t\t\t<img decoding=\"async\" src=\"https:\/\/cocla.pe\/wp-content\/uploads\/elementor\/thumbs\/Tienda_2-q7dlxkogjep5slzvhenyjoijak9040qq6wrh8r1yts.jpg\" title=\"Tienda_2\" alt=\"Tienda_2\" loading=\"lazy\" \/>\t\t\t\t\t\t\t\t\t\t\t\t\t\t\t<\/div>\n\t\t\t\t<\/div>\n\t\t\t\t\t<\/div>\n\t\t<\/div>\n\t\t\t\t\t\t\t<\/div>\n\t\t<\/section>\n\t\t\t\t\t<\/div>\n\t\t<\/div>\n\t\t\t\t\t\t\t<\/div>\n\t\t<\/section>\n\t\t\t\t<section class=\"elementor-section elementor-top-section elementor-element elementor-element-da999ca elementor-section-full_width elementor-section-height-default elementor-section-height-default\" data-id=\"da999ca\" data-element_type=\"section\" data-settings=\"{&quot;background_background&quot;:&quot;classic&quot;}\">\n\t\t\t\t\t\t<div class=\"elementor-container elementor-column-gap-default\">\n\t\t\t\t\t<div class=\"elementor-column elementor-col-100 elementor-top-column elementor-element elementor-element-9b6bfca\" data-id=\"9b6bfca\" data-element_type=\"column\">\n\t\t\t<div class=\"elementor-widget-wrap elementor-element-populated\">\n\t\t\t\t\t\t\t\t<section class=\"elementor-section elementor-inner-section elementor-element elementor-element-50e0402 elementor-section-boxed elementor-section-height-default elementor-section-height-default\" data-id=\"50e0402\" data-element_type=\"section\">\n\t\t\t\t\t\t<div class=\"elementor-container elementor-column-gap-default\">\n\t\t\t\t\t<div class=\"elementor-column elementor-col-100 elementor-inner-column elementor-element elementor-element-4f63708\" data-id=\"4f63708\" data-element_type=\"column\">\n\t\t\t<div class=\"elementor-widget-wrap elementor-element-populated\">\n\t\t\t\t\t\t\t\t<div class=\"elementor-element elementor-element-f243d9d elementor-widget elementor-widget-heading\" data-id=\"f243d9d\" data-element_type=\"widget\" data-widget_type=\"heading.default\">\n\t\t\t\t<div class=\"elementor-widget-container\">\n\t\t\t<h2 class=\"elementor-heading-title elementor-size-default\">DISTRIBUIDORES<\/h2>\t\t<\/div>\n\t\t\t\t<\/div>\n\t\t\t\t\t<\/div>\n\t\t<\/div>\n\t\t\t\t\t\t\t<\/div>\n\t\t<\/section>\n\t\t\t\t<section class=\"elementor-section elementor-inner-section elementor-element elementor-element-ae4afb5 elementor-section-boxed elementor-section-height-default elementor-section-height-default\" data-id=\"ae4afb5\" data-element_type=\"section\">\n\t\t\t\t\t\t<div class=\"elementor-container elementor-column-gap-default\">\n\t\t\t\t\t<div class=\"elementor-column elementor-col-50 elementor-inner-column elementor-element elementor-element-caca4f1\" data-id=\"caca4f1\" data-element_type=\"column\">\n\t\t\t<div class=\"elementor-widget-wrap elementor-element-populated\">\n\t\t\t\t\t\t\t\t<div class=\"elementor-element elementor-element-2796393 elementor-widget elementor-widget-text-editor\" data-id=\"2796393\" data-element_type=\"widget\" data-widget_type=\"text-editor.default\">\n\t\t\t\t<div class=\"elementor-widget-container\">\n\t\t\t\t\t\t\t<p><strong>QUILLABAMBA<\/strong><\/p><p>REPRESENTACIONES SANTO DOMINGO S.R.L.<br \/>RUC: 20442550060<br \/>Contacto: 984 117 083<\/p><p><strong>LIMA<\/strong><\/p><p>JIMENEZ BELDI JAIME FERNANDO<br \/>RUC: 10079147503<br \/>Contacto: 945 460 031<\/p><p>HERMOZA MONTES FERNANDO WALTER<br \/>RUC: 10063854757<br \/>Contacto: 946 564 789<\/p><p>DISCENPER S.R.L.<br \/>RUC: 20514127027<br \/>Contacto: 941 814 936<\/p><p>TEAL CORPORATION S.A.C.<br \/>RUC: 20602120733<br \/>Contacto: 995 356 560<\/p>\t\t\t\t\t\t<\/div>\n\t\t\t\t<\/div>\n\t\t\t\t\t<\/div>\n\t\t<\/div>\n\t\t\t\t<div class=\"elementor-column elementor-col-50 elementor-inner-column elementor-element elementor-element-015c9bb\" data-id=\"015c9bb\" data-element_type=\"column\">\n\t\t\t<div class=\"elementor-widget-wrap elementor-element-populated\">\n\t\t\t\t\t\t\t\t<div class=\"elementor-element elementor-element-a9e8d0c elementor-widget elementor-widget-text-editor\" data-id=\"a9e8d0c\" data-element_type=\"widget\" data-widget_type=\"text-editor.default\">\n\t\t\t\t<div class=\"elementor-widget-container\">\n\t\t\t\t\t\t\t<p><strong>CUSCO<\/strong><\/p><p>VERASTEGUI MARTINEZ VARGAS PAUL ALEJANDRO<br \/>RUC: 10074492270<br \/>Contacto: 987 839 411<\/p><p><strong>AREQUIPA<\/strong><\/p><p>CEYLAN MARKET S.A.C.<br \/>RUC: 20602906320<br \/>Contacto: 960 290 567<\/p><p>COMPA\u00d1IA PANIFICADORA SAC<br \/>RUC: 20121085918<br \/>Contacto: 958 765 596<\/p><p><strong>HUARAZ<\/strong><\/p><p>FRANCOLIA S.A.C.<br \/>RUC: 20604075638<br \/>Contacto: 983 830 450<\/p>\t\t\t\t\t\t<\/div>\n\t\t\t\t<\/div>\n\t\t\t\t\t<\/div>\n\t\t<\/div>\n\t\t\t\t\t\t\t<\/div>\n\t\t<\/section>\n\t\t\t\t\t<\/div>\n\t\t<\/div>\n\t\t\t\t\t\t\t<\/div>\n\t\t<\/section>\n\t\t\t\t<section class=\"elementor-section elementor-top-section elementor-element elementor-element-dc19b64 elementor-section-full_width elementor-section-height-default elementor-section-height-default\" data-id=\"dc19b64\" data-element_type=\"section\" data-settings=\"{&quot;background_background&quot;:&quot;classic&quot;}\">\n\t\t\t\t\t\t<div class=\"elementor-container elementor-column-gap-default\">\n\t\t\t\t\t<div class=\"elementor-column elementor-col-100 elementor-top-column elementor-element elementor-element-5b18777\" data-id=\"5b18777\" data-element_type=\"column\">\n\t\t\t<div class=\"elementor-widget-wrap elementor-element-populated\">\n\t\t\t\t\t\t\t\t<div class=\"elementor-element elementor-element-12359db elementor-widget elementor-widget-heading\" data-id=\"12359db\" data-element_type=\"widget\" data-widget_type=\"heading.default\">\n\t\t\t\t<div class=\"elementor-widget-container\">\n\t\t\t<h2 class=\"elementor-heading-title elementor-size-default\">CONTACTOS COMERCIALES<\/h2>\t\t<\/div>\n\t\t\t\t<\/div>\n\t\t\t\t<section class=\"elementor-section elementor-inner-section elementor-element elementor-element-12a3c2c elementor-section-boxed elementor-section-height-default elementor-section-height-default\" data-id=\"12a3c2c\" data-element_type=\"section\">\n\t\t\t\t\t\t<div class=\"elementor-container elementor-column-gap-default\">\n\t\t\t\t\t<div class=\"elementor-column elementor-col-50 elementor-inner-column elementor-element elementor-element-4041e92\" data-id=\"4041e92\" data-element_type=\"column\">\n\t\t\t<div class=\"elementor-widget-wrap elementor-element-populated\">\n\t\t\t\t\t\t\t\t<div class=\"elementor-element elementor-element-69ee159 elementor-widget elementor-widget-text-editor\" data-id=\"69ee159\" data-element_type=\"widget\" data-widget_type=\"text-editor.default\">\n\t\t\t\t<div class=\"elementor-widget-container\">\n\t\t\t\t\t\t\t<p><strong>ZONA SUR<\/strong><br \/>Av. Edgar de la Torre 1353 \u2013 Quillabamba &#8211; Cusco<br \/>ventasquillabamba@cocla.pe<br \/>944 206 636<\/p>\t\t\t\t\t\t<\/div>\n\t\t\t\t<\/div>\n\t\t\t\t\t<\/div>\n\t\t<\/div>\n\t\t\t\t<div class=\"elementor-column elementor-col-50 elementor-inner-column elementor-element elementor-element-63b92da\" data-id=\"63b92da\" data-element_type=\"column\">\n\t\t\t<div class=\"elementor-widget-wrap elementor-element-populated\">\n\t\t\t\t\t\t\t\t<div class=\"elementor-element elementor-element-0c15795 elementor-widget elementor-widget-text-editor\" data-id=\"0c15795\" data-element_type=\"widget\" data-widget_type=\"text-editor.default\">\n\t\t\t\t<div class=\"elementor-widget-container\">\n\t\t\t\t\t\t\t<p><strong>LIMA \/ ZONA CENTRO \/ ZONA NORTE<\/strong><br \/>Calle Gamma 297 Urb. Parque Internacional de Industria y Comercio \u2013 Callao<br \/>ventas@cocla.pe<br \/>934 375 507<\/p>\t\t\t\t\t\t<\/div>\n\t\t\t\t<\/div>\n\t\t\t\t\t<\/div>\n\t\t<\/div>\n\t\t\t\t\t\t\t<\/div>\n\t\t<\/section>\n\t\t\t\t<div class=\"elementor-element elementor-element-2bdbbd6 elementor-widget elementor-widget-image\" data-id=\"2bdbbd6\" data-element_type=\"widget\" data-widget_type=\"image.default\">\n\t\t\t\t<div class=\"elementor-widget-container\">\n\t\t\t\t\t\t\t\t\t\t\t\t\t\t\t<img decoding=\"async\" src=\"https:\/\/cocla.pe\/wp-content\/uploads\/elementor\/thumbs\/Prod-Mercado-Nacional-1-q7w4f9ezozsnbtgoczjznehrgzxzoxhol91nwxa302.jpg\" title=\"Prod-Mercado-Nacional-1\" alt=\"Prod-Mercado-Nacional-1\" loading=\"lazy\" \/>\t\t\t\t\t\t\t\t\t\t\t\t\t\t\t<\/div>\n\t\t\t\t<\/div>\n\t\t\t\t\t<\/div>\n\t\t<\/div>\n\t\t\t\t\t\t\t<\/div>\n\t\t<\/section>\n\t\t\t\t\t\t\t<\/div>\n\t\t","protected":false},"excerpt":{"rendered":"<p>NUESTROS PRODUCTOS PARA EL MERCADO NACIONAL PRODUCTOS AGROINDUSTRIALES Desarrollamos productos agroindustriales para generar un mayor valor agregado e incrementar la cultura de consumo en el mercado nacional. Caf\u00e9 tostado en grano Caf\u00e9 tostado y molido Pasta Pura de Cacao Chocolates bitter Miel de abeja Cerveza artesanal con caf\u00e9 Contamos con la certificaci\u00f3n org\u00e1nica para Caf\u00e9s [&hellip;]<\/p>\n","protected":false},"author":1,"featured_media":0,"parent":0,"menu_order":0,"comment_status":"closed","ping_status":"closed","template":"elementor_canvas","meta":{"footnotes":""},"class_list":["post-123","page","type-page","status-publish","hentry"],"_links":{"self":[{"href":"https:\/\/cocla.pe\/index.php\/wp-json\/wp\/v2\/pages\/123","targetHints":{"allow":["GET"]}}],"collection":[{"href":"https:\/\/cocla.pe\/index.php\/wp-json\/wp\/v2\/pages"}],"about":[{"href":"https:\/\/cocla.pe\/index.php\/wp-json\/wp\/v2\/types\/page"}],"author":[{"embeddable":true,"href":"https:\/\/cocla.pe\/index.php\/wp-json\/wp\/v2\/users\/1"}],"replies":[{"embeddable":true,"href":"https:\/\/cocla.pe\/index.php\/wp-json\/wp\/v2\/comments?post=123"}],"version-history":[{"count":53,"href":"https:\/\/cocla.pe\/index.php\/wp-json\/wp\/v2\/pages\/123\/revisions"}],"predecessor-version":[{"id":636,"href":"https:\/\/cocla.pe\/index.php\/wp-json\/wp\/v2\/pages\/123\/revisions\/636"}],"wp:attachment":[{"href":"https:\/\/cocla.pe\/index.php\/wp-json\/wp\/v2\/media?parent=123"}],"curies":[{"name":"wp","href":"https:\/\/api.w.org\/{rel}","templated":true}]}}